{"id":14,"date":"2023-05-16T11:32:19","date_gmt":"2023-05-16T09:32:19","guid":{"rendered":"http:\/\/janbertilandersson.se\/?page_id=14"},"modified":"2025-05-23T12:30:16","modified_gmt":"2025-05-23T10:30:16","slug":"startsida","status":"publish","type":"page","link":"https:\/\/janbertilandersson.se\/","title":{"rendered":"STARTSIDA"},"content":{"rendered":"<p>[vc_row][vc_column][vc_empty_space][\/vc_column][\/vc_row][vc_row][vc_column][vc_empty_space][\/vc_column][\/vc_row][vc_row][vc_column]<div class=\"eltdf-portfolio-list-holder eltdf-pl-gallery eltdf-large-space eltdf-pl-three-columns eltdf-pl-standard-shader    eltdf-pl-pag-no-pagination        \"  data-type=gallery data-space-between-items=large data-number-of-items=-1 data-space-between-items-justified=small data-image-proportions=full data-enable-fixed-proportions=no data-enable-image-shadow=no data-category=selected-work data-orderby=date data-order=ASC data-item-style=standard-shader data-item-style-justified=gallery-overlay data-enable-title=yes data-title-tag=h4 data-enable-category=yes data-enable-count-images=yes data-enable-excerpt=no data-excerpt-length=20 data-pagination-type=no-pagination data-filter=no data-filter-order-by=name data-enable-article-animation=no data-enable-parallax-animation=no data-article-mask-color=#fff data-portfolio-slider-on=no data-enable-fullheight=yes data-portfolio-slider-full-height-decrease=yes data-enable-loop=yes data-enable-autoplay=yes data-slider-speed=5000 data-slider-speed-animation=600 data-enable-navigation=yes data-enable-pagination=yes data-max-num-pages=0 data-next-page=2>\n\t\t<div class=\"eltdf-pl-inner eltdf-outer-space  clearfix\">\n\t\t<article class=\"eltdf-pl-item eltdf-item-space  post-316 portfolio-item type-portfolio-item status-publish has-post-thumbnail hentry portfolio-category-selected-work\">\n\t<div class=\"eltdf-pl-item-inner\" >\n\t\t<div class=\"eltdf-pli-image\">\n\t<img width=\"1600\" height=\"1600\" src=\"https:\/\/janbertilandersson.se\/wp-content\/uploads\/2024\/04\/IMG_0770_1600.jpg\" class=\"attachment-full size-full wp-post-image\" alt=\"\" decoding=\"async\" loading=\"lazy\" srcset=\"https:\/\/janbertilandersson.se\/wp-content\/uploads\/2024\/04\/IMG_0770_1600.jpg 1600w, https:\/\/janbertilandersson.se\/wp-content\/uploads\/2024\/04\/IMG_0770_1600-300x300.jpg 300w, https:\/\/janbertilandersson.se\/wp-content\/uploads\/2024\/04\/IMG_0770_1600-1024x1024.jpg 1024w, https:\/\/janbertilandersson.se\/wp-content\/uploads\/2024\/04\/IMG_0770_1600-150x150.jpg 150w, https:\/\/janbertilandersson.se\/wp-content\/uploads\/2024\/04\/IMG_0770_1600-768x768.jpg 768w, https:\/\/janbertilandersson.se\/wp-content\/uploads\/2024\/04\/IMG_0770_1600-1536x1536.jpg 1536w, https:\/\/janbertilandersson.se\/wp-content\/uploads\/2024\/04\/IMG_0770_1600-550x550.jpg 550w, https:\/\/janbertilandersson.se\/wp-content\/uploads\/2024\/04\/IMG_0770_1600-1100x1100.jpg 1100w, https:\/\/janbertilandersson.se\/wp-content\/uploads\/2024\/04\/IMG_0770_1600-600x600.jpg 600w, https:\/\/janbertilandersson.se\/wp-content\/uploads\/2024\/04\/IMG_0770_1600-100x100.jpg 100w\" sizes=\"(max-width: 1600px) 100vw, 1600px\" \/>\t<\/div>\n<div class=\"eltdf-pli-text-holder\">\n\t<div class=\"eltdf-pli-text-wrapper\">\n\t\t<div class=\"eltdf-pli-text\">\n\t\t\t\t<h4 itemprop=\"name\" class=\"eltdf-pli-title entry-title\" >\n\t\tPAINTINGS\t\t<span class=\"eltdf-pli-line\"><\/span>\n\t<\/h4>\n\n\t\t\t\n\t\t\t\t\t<div class=\"eltdf-pli-category-holder\">\n\t\t\t\t\t\t\t<a itemprop=\"url\" class=\"eltdf-pli-category\" href=\"https:\/\/janbertilandersson.se\/?portfolio-category=selected-work\">SELECTED WORK<\/a>\n\t\t\t\t\t<\/div>\n\t\t\t<\/div>\n\t<\/div>\n<\/div>\n\t\t<a itemprop=\"url\" class=\"eltdf-pli-link eltdf-block-drag-link\" href=\"https:\/\/janbertilandersson.se\/?portfolio-item=paintings\" target=\"_self\"><\/a>\n\t<\/div>\n<\/article><article class=\"eltdf-pl-item eltdf-item-space  post-319 portfolio-item type-portfolio-item status-publish has-post-thumbnail hentry portfolio-category-selected-work\">\n\t<div class=\"eltdf-pl-item-inner\" >\n\t\t<div class=\"eltdf-pli-image\">\n\t<img width=\"1600\" height=\"1600\" src=\"https:\/\/janbertilandersson.se\/wp-content\/uploads\/2024\/02\/n1600.jpg\" class=\"attachment-full size-full wp-post-image\" alt=\"\" decoding=\"async\" loading=\"lazy\" srcset=\"https:\/\/janbertilandersson.se\/wp-content\/uploads\/2024\/02\/n1600.jpg 1600w, https:\/\/janbertilandersson.se\/wp-content\/uploads\/2024\/02\/n1600-300x300.jpg 300w, https:\/\/janbertilandersson.se\/wp-content\/uploads\/2024\/02\/n1600-1024x1024.jpg 1024w, https:\/\/janbertilandersson.se\/wp-content\/uploads\/2024\/02\/n1600-150x150.jpg 150w, https:\/\/janbertilandersson.se\/wp-content\/uploads\/2024\/02\/n1600-768x768.jpg 768w, https:\/\/janbertilandersson.se\/wp-content\/uploads\/2024\/02\/n1600-1536x1536.jpg 1536w, https:\/\/janbertilandersson.se\/wp-content\/uploads\/2024\/02\/n1600-550x550.jpg 550w, https:\/\/janbertilandersson.se\/wp-content\/uploads\/2024\/02\/n1600-1100x1100.jpg 1100w, https:\/\/janbertilandersson.se\/wp-content\/uploads\/2024\/02\/n1600-600x600.jpg 600w, https:\/\/janbertilandersson.se\/wp-content\/uploads\/2024\/02\/n1600-100x100.jpg 100w\" sizes=\"(max-width: 1600px) 100vw, 1600px\" \/>\t<\/div>\n<div class=\"eltdf-pli-text-holder\">\n\t<div class=\"eltdf-pli-text-wrapper\">\n\t\t<div class=\"eltdf-pli-text\">\n\t\t\t\t<h4 itemprop=\"name\" class=\"eltdf-pli-title entry-title\" >\n\t\tGRAPHIC ART\t\t<span class=\"eltdf-pli-line\"><\/span>\n\t<\/h4>\n\n\t\t\t\n\t\t\t\t\t<div class=\"eltdf-pli-category-holder\">\n\t\t\t\t\t\t\t<a itemprop=\"url\" class=\"eltdf-pli-category\" href=\"https:\/\/janbertilandersson.se\/?portfolio-category=selected-work\">SELECTED WORK<\/a>\n\t\t\t\t\t<\/div>\n\t\t\t<\/div>\n\t<\/div>\n<\/div>\n\t\t<a itemprop=\"url\" class=\"eltdf-pli-link eltdf-block-drag-link\" href=\"https:\/\/janbertilandersson.se\/?portfolio-item=graphic-art\" target=\"_self\"><\/a>\n\t<\/div>\n<\/article><article class=\"eltdf-pl-item eltdf-item-space  post-320 portfolio-item type-portfolio-item status-publish has-post-thumbnail hentry portfolio-category-selected-work\">\n\t<div class=\"eltdf-pl-item-inner\" >\n\t\t<div class=\"eltdf-pli-image\">\n\t<img width=\"1600\" height=\"1602\" src=\"https:\/\/janbertilandersson.se\/wp-content\/uploads\/2023\/05\/vardag1600.jpg\" class=\"attachment-full size-full wp-post-image\" alt=\"\" decoding=\"async\" loading=\"lazy\" srcset=\"https:\/\/janbertilandersson.se\/wp-content\/uploads\/2023\/05\/vardag1600.jpg 1600w, https:\/\/janbertilandersson.se\/wp-content\/uploads\/2023\/05\/vardag1600-300x300.jpg 300w, https:\/\/janbertilandersson.se\/wp-content\/uploads\/2023\/05\/vardag1600-1024x1024.jpg 1024w, https:\/\/janbertilandersson.se\/wp-content\/uploads\/2023\/05\/vardag1600-150x150.jpg 150w, https:\/\/janbertilandersson.se\/wp-content\/uploads\/2023\/05\/vardag1600-768x769.jpg 768w, https:\/\/janbertilandersson.se\/wp-content\/uploads\/2023\/05\/vardag1600-1534x1536.jpg 1534w, https:\/\/janbertilandersson.se\/wp-content\/uploads\/2023\/05\/vardag1600-550x550.jpg 550w, https:\/\/janbertilandersson.se\/wp-content\/uploads\/2023\/05\/vardag1600-1100x1100.jpg 1100w, https:\/\/janbertilandersson.se\/wp-content\/uploads\/2023\/05\/vardag1600-600x601.jpg 600w, https:\/\/janbertilandersson.se\/wp-content\/uploads\/2023\/05\/vardag1600-100x100.jpg 100w\" sizes=\"(max-width: 1600px) 100vw, 1600px\" \/>\t<\/div>\n<div class=\"eltdf-pli-text-holder\">\n\t<div class=\"eltdf-pli-text-wrapper\">\n\t\t<div class=\"eltdf-pli-text\">\n\t\t\t\t<h4 itemprop=\"name\" class=\"eltdf-pli-title entry-title\" >\n\t\tDRAWINGS\t\t<span class=\"eltdf-pli-line\"><\/span>\n\t<\/h4>\n\n\t\t\t\n\t\t\t\t\t<div class=\"eltdf-pli-category-holder\">\n\t\t\t\t\t\t\t<a itemprop=\"url\" class=\"eltdf-pli-category\" href=\"https:\/\/janbertilandersson.se\/?portfolio-category=selected-work\">SELECTED WORK<\/a>\n\t\t\t\t\t<\/div>\n\t\t\t<\/div>\n\t<\/div>\n<\/div>\n\t\t<a itemprop=\"url\" class=\"eltdf-pli-link eltdf-block-drag-link\" href=\"https:\/\/janbertilandersson.se\/?portfolio-item=drawings\" target=\"_self\"><\/a>\n\t<\/div>\n<\/article>\t<\/div>\n\t\n\t<\/div>[\/vc_column][\/vc_row][vc_row][vc_column][vc_empty_space][\/vc_column][\/vc_row][vc_row][vc_column][vc_images_carousel images=&#8221;341&#8243; img_size=&#8221;full&#8221; onclick=&#8221;link_no&#8221; speed=&#8221;3000&#8243; autoplay=&#8221;yes&#8221; hide_pagination_control=&#8221;yes&#8221; hide_prev_next_buttons=&#8221;yes&#8221; css_animation=&#8221;none&#8221;][\/vc_column][\/vc_row][vc_row][vc_column][vc_empty_space][\/vc_column][\/vc_row][vc_row][vc_column][vc_column_text]<\/p>\n<h2 class=\"text-gray-900 text-xl font-normal leading-6\" style=\"text-align: center;\">ATELJE\u00b4 KONTAKT<\/h2>\n<pre class=\"text-gray-900 text-xl font-normal leading-6\" style=\"text-align: center;\">Phone: +46733561480\r\nMail: anderssonjanbertil@gmail.com\r\nAdress:\r\nGamla skolan Gisl\u00f6v - Stj\u00e4rnev\u00e4gen 2\r\n272 92 Simrishamn<\/pre>\n<h6 style=\"text-align: center;\"><\/h6>\n<p>[\/vc_column_text][\/vc_column][\/vc_row][vc_row][vc_column][vc_column_text]<\/p>\n<h2 class=\"text-gray-900 text-xl font-normal leading-6\" style=\"text-align: center;\">REPRESENTED<\/h2>\n<pre class=\"text-gray-900 text-xl font-normal leading-6\" style=\"text-align: center;\">Bor\u00e5s Konstmuseum \r\nBritish Museum London \r\nG\u00f6teborgs Konstmuseum \r\nMalm\u00f6 konstmuseum \r\nModerna Museet Stockholm \r\n\r\n<\/pre>\n<p>[\/vc_column_text][\/vc_column][\/vc_row][vc_row][vc_column][vc_column_text]<\/p>\n<h2 class=\"text-gray-900 text-xl font-normal leading-6\" style=\"text-align: center;\">JAN BERTIL ANDERSSON P\u00c5 NATIONALMUSEUM MED STEN SANDELL<\/h2>\n<h5 style=\"text-align: center;\">P\u00e5 kulturnatten i Stockholm genomf\u00f6rs en liveteckningkonsert med Sten Sandell och Jan-Bertil Andersson<\/h5>\n<h5 style=\"text-align: center;\">Jan-Bertil Andersson (tusch) och Sten Sandell (piano) presenterar i bild och musik en process i realtid: att lyssna till bilden av en klang \u2013 att se p\u00e5 klangen av en bild. Teckningarna filmas och projiceras i storformat.<\/h5>\n<h5 style=\"text-align: center;\">Fredagen den 25\/4 \u00a021.00-21.40<\/h5>\n<p style=\"text-align: center;\"><a href=\"https:\/\/www.nationalmuseum.se\/kulturnatten\"><b>L\u00c4S MER H\u00c4R<\/b><\/a><\/p>\n<p>&nbsp;<\/p>\n<h6><\/h6>\n<p><!--more-->[\/vc_column_text][\/vc_column][\/vc_row]<\/p>\n","protected":false},"excerpt":{"rendered":"<p>[vc_row][vc_column][vc_empty_space][\/vc_column][\/vc_row][vc_row][vc_column][vc_empty_space][\/vc_column][\/vc_row][vc_row][vc_column][\/vc_column][\/vc_row][vc_row][vc_column][vc_empty_space][\/vc_column][\/vc_row][vc_row][vc_column][vc_images_carousel images=&#8221;341&#8243; img_size=&#8221;full&#8221; onclick=&#8221;link_no&#8221; speed=&#8221;3000&#8243; autoplay=&#8221;yes&#8221; hide_pagination_control=&#8221;yes&#8221; hide_prev_next_buttons=&#8221;yes&#8221; css_animation=&#8221;none&#8221;][\/vc_column][\/vc_row][vc_row][vc_column][vc_empty_space][\/vc_column][\/vc_row][vc_row][vc_column][vc_column_text] ATELJE\u00b4 KONTAKT Phone: +46733561480 Mail: anderssonjanbertil@gmail.com Adress: Gamla skolan Gisl\u00f6v &#8211; Stj\u00e4rnev\u00e4gen 2 272 92 Simrishamn [\/vc_column_text][\/vc_column][\/vc_row][vc_row][vc_column][vc_column_text] REPRESENTED Bor\u00e5s Konstmuseum British Museum London G\u00f6teborgs Konstmuseum Malm\u00f6 konstmuseum Moderna Museet Stockholm [\/vc_column_text][\/vc_column][\/vc_row][vc_row][vc_column][vc_column_text] [&hellip;]<\/p>\n","protected":false},"author":1,"featured_media":0,"parent":0,"menu_order":0,"comment_status":"closed","ping_status":"closed","template":"","meta":{"_mi_skip_tracking":false},"yoast_head":"<!-- This site is optimized with the Yoast SEO plugin v20.7 - https:\/\/yoast.com\/wordpress\/plugins\/seo\/ -->\n<title>STARTSIDA - janbertilandersson.se<\/title>\n<meta name=\"robots\" content=\"index, follow, max-snippet:-1, max-image-preview:large, max-video-preview:-1\" \/>\n<link rel=\"canonical\" href=\"https:\/\/janbertilandersson.se\/\" \/>\n<meta property=\"og:locale\" content=\"sv_SE\" \/>\n<meta property=\"og:type\" content=\"article\" \/>\n<meta property=\"og:title\" content=\"STARTSIDA - janbertilandersson.se\" \/>\n<meta property=\"og:description\" content=\"[vc_row][vc_column][vc_empty_space][\/vc_column][\/vc_row][vc_row][vc_column][vc_empty_space][\/vc_column][\/vc_row][vc_row][vc_column][\/vc_column][\/vc_row][vc_row][vc_column][vc_empty_space][\/vc_column][\/vc_row][vc_row][vc_column][vc_images_carousel images=&#8221;341&#8243; img_size=&#8221;full&#8221; onclick=&#8221;link_no&#8221; speed=&#8221;3000&#8243; autoplay=&#8221;yes&#8221; hide_pagination_control=&#8221;yes&#8221; hide_prev_next_buttons=&#8221;yes&#8221; css_animation=&#8221;none&#8221;][\/vc_column][\/vc_row][vc_row][vc_column][vc_empty_space][\/vc_column][\/vc_row][vc_row][vc_column][vc_column_text] ATELJE\u00b4 KONTAKT Phone: +46733561480 Mail: anderssonjanbertil@gmail.com Adress: Gamla skolan Gisl\u00f6v - Stj\u00e4rnev\u00e4gen 2 272 92 Simrishamn [\/vc_column_text][\/vc_column][\/vc_row][vc_row][vc_column][vc_column_text] REPRESENTED Bor\u00e5s Konstmuseum British Museum London G\u00f6teborgs Konstmuseum Malm\u00f6 konstmuseum Moderna Museet Stockholm [\/vc_column_text][\/vc_column][\/vc_row][vc_row][vc_column][vc_column_text] [&hellip;]\" \/>\n<meta property=\"og:url\" content=\"https:\/\/janbertilandersson.se\/\" \/>\n<meta property=\"og:site_name\" content=\"janbertilandersson.se\" \/>\n<meta property=\"article:modified_time\" content=\"2025-05-23T10:30:16+00:00\" \/>\n<meta name=\"twitter:card\" content=\"summary_large_image\" \/>\n<meta name=\"twitter:label1\" content=\"Ber\u00e4knad l\u00e4stid\" \/>\n\t<meta name=\"twitter:data1\" content=\"1 minut\" \/>\n<script type=\"application\/ld+json\" class=\"yoast-schema-graph\">{\"@context\":\"https:\/\/schema.org\",\"@graph\":[{\"@type\":\"WebPage\",\"@id\":\"https:\/\/janbertilandersson.se\/\",\"url\":\"https:\/\/janbertilandersson.se\/\",\"name\":\"STARTSIDA - janbertilandersson.se\",\"isPartOf\":{\"@id\":\"https:\/\/janbertilandersson.se\/#website\"},\"datePublished\":\"2023-05-16T09:32:19+00:00\",\"dateModified\":\"2025-05-23T10:30:16+00:00\",\"breadcrumb\":{\"@id\":\"https:\/\/janbertilandersson.se\/#breadcrumb\"},\"inLanguage\":\"sv-SE\",\"potentialAction\":[{\"@type\":\"ReadAction\",\"target\":[\"https:\/\/janbertilandersson.se\/\"]}]},{\"@type\":\"BreadcrumbList\",\"@id\":\"https:\/\/janbertilandersson.se\/#breadcrumb\",\"itemListElement\":[{\"@type\":\"ListItem\",\"position\":1,\"name\":\"Home\",\"item\":\"https:\/\/janbertilandersson.se\/\"},{\"@type\":\"ListItem\",\"position\":2,\"name\":\"STARTSIDA\"}]},{\"@type\":\"WebSite\",\"@id\":\"https:\/\/janbertilandersson.se\/#website\",\"url\":\"https:\/\/janbertilandersson.se\/\",\"name\":\"janbertilandersson.se\",\"description\":\"\",\"potentialAction\":[{\"@type\":\"SearchAction\",\"target\":{\"@type\":\"EntryPoint\",\"urlTemplate\":\"https:\/\/janbertilandersson.se\/?s={search_term_string}\"},\"query-input\":\"required name=search_term_string\"}],\"inLanguage\":\"sv-SE\"}]}<\/script>\n<!-- \/ Yoast SEO plugin. -->","yoast_head_json":{"title":"STARTSIDA - janbertilandersson.se","robots":{"index":"index","follow":"follow","max-snippet":"max-snippet:-1","max-image-preview":"max-image-preview:large","max-video-preview":"max-video-preview:-1"},"canonical":"https:\/\/janbertilandersson.se\/","og_locale":"sv_SE","og_type":"article","og_title":"STARTSIDA - janbertilandersson.se","og_description":"[vc_row][vc_column][vc_empty_space][\/vc_column][\/vc_row][vc_row][vc_column][vc_empty_space][\/vc_column][\/vc_row][vc_row][vc_column][\/vc_column][\/vc_row][vc_row][vc_column][vc_empty_space][\/vc_column][\/vc_row][vc_row][vc_column][vc_images_carousel images=&#8221;341&#8243; img_size=&#8221;full&#8221; onclick=&#8221;link_no&#8221; speed=&#8221;3000&#8243; autoplay=&#8221;yes&#8221; hide_pagination_control=&#8221;yes&#8221; hide_prev_next_buttons=&#8221;yes&#8221; css_animation=&#8221;none&#8221;][\/vc_column][\/vc_row][vc_row][vc_column][vc_empty_space][\/vc_column][\/vc_row][vc_row][vc_column][vc_column_text] ATELJE\u00b4 KONTAKT Phone: +46733561480 Mail: anderssonjanbertil@gmail.com Adress: Gamla skolan Gisl\u00f6v - Stj\u00e4rnev\u00e4gen 2 272 92 Simrishamn [\/vc_column_text][\/vc_column][\/vc_row][vc_row][vc_column][vc_column_text] REPRESENTED Bor\u00e5s Konstmuseum British Museum London G\u00f6teborgs Konstmuseum Malm\u00f6 konstmuseum Moderna Museet Stockholm [\/vc_column_text][\/vc_column][\/vc_row][vc_row][vc_column][vc_column_text] [&hellip;]","og_url":"https:\/\/janbertilandersson.se\/","og_site_name":"janbertilandersson.se","article_modified_time":"2025-05-23T10:30:16+00:00","twitter_card":"summary_large_image","twitter_misc":{"Ber\u00e4knad l\u00e4stid":"1 minut"},"schema":{"@context":"https:\/\/schema.org","@graph":[{"@type":"WebPage","@id":"https:\/\/janbertilandersson.se\/","url":"https:\/\/janbertilandersson.se\/","name":"STARTSIDA - janbertilandersson.se","isPartOf":{"@id":"https:\/\/janbertilandersson.se\/#website"},"datePublished":"2023-05-16T09:32:19+00:00","dateModified":"2025-05-23T10:30:16+00:00","breadcrumb":{"@id":"https:\/\/janbertilandersson.se\/#breadcrumb"},"inLanguage":"sv-SE","potentialAction":[{"@type":"ReadAction","target":["https:\/\/janbertilandersson.se\/"]}]},{"@type":"BreadcrumbList","@id":"https:\/\/janbertilandersson.se\/#breadcrumb","itemListElement":[{"@type":"ListItem","position":1,"name":"Home","item":"https:\/\/janbertilandersson.se\/"},{"@type":"ListItem","position":2,"name":"STARTSIDA"}]},{"@type":"WebSite","@id":"https:\/\/janbertilandersson.se\/#website","url":"https:\/\/janbertilandersson.se\/","name":"janbertilandersson.se","description":"","potentialAction":[{"@type":"SearchAction","target":{"@type":"EntryPoint","urlTemplate":"https:\/\/janbertilandersson.se\/?s={search_term_string}"},"query-input":"required name=search_term_string"}],"inLanguage":"sv-SE"}]}},"_links":{"self":[{"href":"https:\/\/janbertilandersson.se\/index.php?rest_route=\/wp\/v2\/pages\/14"}],"collection":[{"href":"https:\/\/janbertilandersson.se\/index.php?rest_route=\/wp\/v2\/pages"}],"about":[{"href":"https:\/\/janbertilandersson.se\/index.php?rest_route=\/wp\/v2\/types\/page"}],"author":[{"embeddable":true,"href":"https:\/\/janbertilandersson.se\/index.php?rest_route=\/wp\/v2\/users\/1"}],"replies":[{"embeddable":true,"href":"https:\/\/janbertilandersson.se\/index.php?rest_route=%2Fwp%2Fv2%2Fcomments&post=14"}],"version-history":[{"count":6,"href":"https:\/\/janbertilandersson.se\/index.php?rest_route=\/wp\/v2\/pages\/14\/revisions"}],"predecessor-version":[{"id":349,"href":"https:\/\/janbertilandersson.se\/index.php?rest_route=\/wp\/v2\/pages\/14\/revisions\/349"}],"wp:attachment":[{"href":"https:\/\/janbertilandersson.se\/index.php?rest_route=%2Fwp%2Fv2%2Fmedia&parent=14"}],"curies":[{"name":"wp","href":"https:\/\/api.w.org\/{rel}","templated":true}]}}